{"id":450,"date":"2020-10-27T05:02:39","date_gmt":"2020-10-27T05:02:39","guid":{"rendered":"http:\/\/seodo.themezinho.net\/?page_id=9"},"modified":"2021-07-31T09:59:04","modified_gmt":"2021-07-31T14:59:04","slug":"what-we-offer","status":"publish","type":"page","link":"https:\/\/arrozmilenio.com\/sitio\/","title":{"rendered":"Home"},"content":{"rendered":"<p>[vc_row motts_theme_padding=&#8221;no&#8221; css=&#8221;.vc_custom_1603778328251{margin-right: 0px !important;margin-left: 0px !important;}&#8221;][vc_column css=&#8221;.vc_custom_1603778320534{padding-right: 0px !important;padding-left: 0px !important;}&#8221;][rev_slider_vc alias=&#8221;baner1&#8243;][\/vc_column][\/vc_row][vc_row content_placement=&#8221;middle&#8221; motts_theme_padding=&#8221;no&#8221; use_container=&#8221;yes&#8221; css=&#8221;.vc_custom_1603961915955{padding-top: 100px !important;}&#8221;][vc_column offset=&#8221;vc_col-md-6&#8243;][ts_side_content tagline=&#8221;Welcome&#8221; title=&#8221;Agricultural seed market, whilst our farm traders&#8221; description=&#8221;Wild flowers , plants and fungi are the life support for all our wildlife and their colour and character light up our landscapes. But without our help , this priceless natural heritage is in danger of being lost.&#8221; side_content=&#8221;<\/p>\n<h2>Welcome<\/h2>\n<h6>Agricultural seed market, whilst our farm traders<\/h6>\n<p>Wild flowers , plants and fungi are the life support for all our wildlife and their colour and character light up our landscapes. But without our help , this priceless natural heritage is in danger of being lost.&#8221;]<\/p>\n<h2>Bienvenidos<\/h2>\n<h6>Somos una marca tradicionalmente colombiana<\/h6>\n<p>Desde el a\u00f1o 1990 hemos trabajado para acompa\u00f1ar la mesa de todos los hogarescolombianos hasta el d\u00eda hoy. Ser frescos y naturales han sido nuestra motivaci\u00f3n para llegar\u00a0 todo el pa\u00eds , con el aut\u00e9ntico sabor de nuestra tierra.[\/ts_side_content][\/vc_column][vc_column offset=&#8221;vc_col-md-6&#8243;][ts_side_slider display_notebox=&#8221;show&#8221; notebox=&#8221;Sabor Natural&#8221; animate_block=&#8221;yes&#8221; animation_type=&#8221;pulse&#8221; details=&#8221;%5B%7B%22image%22%3A%22478%22%2C%22title%22%3A%22Image%22%7D%5D&#8221;][\/vc_column][\/vc_row][vc_row use_container=&#8221;yes&#8221;][vc_column width=&#8221;1\/3&#8243;][ts_image_content_box animate_block=&#8221;yes&#8221; image=&#8221;717&#8243; title=&#8221;Arroz Marianita&#8221; description=&#8221;Es nuestro aut\u00e9ntico arroz seleccionado al alcance de todos los hogares colombianos.&#8221; url=&#8221;https:\/\/arrozmilenio.com\/sitio\/arroz_marianita\/&#8221;][\/vc_column][vc_column width=&#8221;1\/3&#8243;][ts_image_content_box animate_block=&#8221;yes&#8221; image=&#8221;710&#8243; title=&#8221;Arroz Viviana&#8221; description=&#8221;Cultivado con amor y procesos que hacen de su sabor y calidad un producto sin igual&#8221; url=&#8221;https:\/\/arrozmilenio.com\/sitio\/arroz-viviana\/&#8221;][\/vc_column][vc_column width=&#8221;1\/3&#8243;][ts_image_content_box animate_block=&#8221;yes&#8221; image=&#8221;526&#8243; title=&#8221;Arroz Milenio&#8221; description=&#8221;Hace que las comidas diarias se conviertan en platos especiales llenos de sabor.&#8221; url=&#8221;https:\/\/arrozmilenio.com\/sitio\/arroz-milenio\/&#8221;][ts_image_content_box animate_block=&#8221;yes&#8221; image=&#8221;494&#8243; title=&#8221;Arroz Viviana&#8221; description=&#8221;Gracias a sus granos blancos, enteros y rendidores que encantan a los colombianos.&#8221; url=&#8221;#&#8221;][\/vc_column][\/vc_row][vc_row use_container=&#8221;yes&#8221;][vc_column width=&#8221;1\/3&#8243;][ts_counter_box image=&#8221;97&#8243; value=&#8221;2000&#8243; description=&#8221;Puntos de distribuci\u00f3n&#8221;][\/vc_column][vc_column width=&#8221;1\/3&#8243;][ts_counter_box image=&#8221;97&#8243; value=&#8221;3495&#8243; description=&#8221;Trabajadores dedicados&#8221;][\/vc_column][vc_column width=&#8221;1\/3&#8243;][ts_counter_box image=&#8221;97&#8243; value=&#8221;15800&#8243; description=&#8221;Hectareas cultivados&#8221;][\/vc_column][\/vc_row][vc_row motts_theme_padding=&#8221;no&#8221; use_container=&#8221;yes&#8221; css=&#8221;.vc_custom_1603784920571{padding-top: 100px !important;}&#8221; section_background_image=&#8221;102&#8243;][vc_column][vc_row_inner][vc_column_inner width=&#8221;3\/4&#8243; offset=&#8221;vc_col-md-6&#8243;][ts_service_list_box tagline=&#8221;Filosofia&#8221; title=&#8221;de trabajo&#8221; details=&#8221;%5B%7B%22image%22%3A%22106%22%2C%22title%22%3A%22Mision%22%2C%22description%22%3A%22Ser%20la%20empresa%20productora%20y%20comercializadora%20de%20arroz%20que%20%20garantice%20valor%2C%20confianza%20y%20satisfacci%C3%B3n%20del%20cliente.%22%7D%2C%7B%22image%22%3A%22111%22%2C%22title%22%3A%22Vision%22%2C%22description%22%3A%22Ser%20la%20empresa%20colombiana%20l%C3%ADder%20en%20la%20producci%C3%B3n%20y%20comercializaci%C3%B3n%20de%20arroz%20en%20el%20mercado%20Colombiano.%22%7D%2C%7B%22image%22%3A%22107%22%2C%22title%22%3A%22Politicas%22%2C%22description%22%3A%22Comprometidos%20a%3A%20%20Trabajar%20con%20los%20m%C3%A1s%20altos%20est%C3%A1ndares%20de%20calidad%2C%20cumpliendo%20con%3B%20objetivos%2C%20rentabilidad%20de%20la%20empresa%2C%20satisfacci%C3%B3n%20de%20nuestros%20clientes%20y%20colaboradores.%22%7D%5D&#8221;][\/vc_column_inner][\/vc_row_inner][\/vc_column][\/vc_row][vc_row motts_theme_padding=&#8221;no&#8221; use_container=&#8221;yes&#8221; css=&#8221;.vc_custom_1603786590679{padding-bottom: 100px !important;}&#8221;][vc_column][\/vc_column][\/vc_row][vc_row motts_theme_padding=&#8221;no&#8221; use_container=&#8221;yes&#8221;][vc_column offset=&#8221;vc_col-md-4&#8243;][ts_year_box image=&#8221;170&#8243; value=&#8221;25&#8243; description=&#8221;A\u00f1os de experiencia&#8221;][\/vc_column][vc_column offset=&#8221;vc_col-md-offset-1 vc_col-md-7&#8243; css=&#8221;.vc_custom_1603813338566{margin-bottom: -70px !important;}&#8221;][ts_testimonial testimonial=&#8221;Compromiso y profesionalismo enfocados en producir el mejor arroz, para la plena satisfacci\u00f3n de clientes y colaboradores, en b\u00fasqueda del mejoramiento continuo que aporten progreso y desarrollo a segmento agr\u00edcola y arrocero de nuestro pa\u00eds. col&#8221; image=&#8221;69&#8243; name=&#8221;Compromiso y esfuerzo diario&#8221;][\/vc_column][\/vc_row][vc_row motts_theme_padding=&#8221;no&#8221; css=&#8221;.vc_custom_1603868144101{margin-right: 0px !important;margin-left: 0px !important;}&#8221;][vc_column css=&#8221;.vc_custom_1603868137702{padding-right: 0px !important;padding-left: 0px !important;}&#8221;][\/vc_column][\/vc_row][vc_row][vc_column][\/vc_column][\/vc_row]<\/p>\n","protected":false},"excerpt":{"rendered":"<p>[vc_row motts_theme_padding=&#8221;no&#8221; css=&#8221;.vc_custom_1603778328251{margin-right: 0px !important;margin-left: 0px !important;}&#8221;][vc_column css=&#8221;.vc_custom_1603778320534{padding-right: 0px !important;padding-left: 0px !important;}&#8221;][rev_slider_vc alias=&#8221;baner1&#8243;][\/vc_column][\/vc_row][vc_row content_placement=&#8221;middle&#8221; motts_theme_padding=&#8221;no&#8221; use_container=&#8221;yes&#8221; css=&#8221;.vc_custom_1603961915955{padding-top: 100px !important;}&#8221;][vc_column offset=&#8221;vc_col-md-6&#8243;][ts_side_content tagline=&#8221;Welcome&#8221; title=&#8221;Agricultural seed market, whilst our farm traders&#8221; description=&#8221;Wild flowers , plants and fungi are the life support for all our wildlife and their colour and character light up our landscapes. But without our help [&hellip;]<\/p>\n","protected":false},"author":1,"featured_media":0,"parent":0,"menu_order":0,"comment_status":"closed","ping_status":"closed","template":"page-builder.php","meta":{"_coblocks_attr":"","_coblocks_dimensions":"","_coblocks_responsive_height":"","_coblocks_accordion_ie_support":"","_monsterinsights_skip_tracking":false,"_monsterinsights_sitenote_active":false,"_monsterinsights_sitenote_note":"","_monsterinsights_sitenote_category":0,"footnotes":""},"class_list":["post-450","page","type-page","status-publish","hentry"],"_links":{"self":[{"href":"https:\/\/arrozmilenio.com\/sitio\/wp-json\/wp\/v2\/pages\/450","targetHints":{"allow":["GET"]}}],"collection":[{"href":"https:\/\/arrozmilenio.com\/sitio\/wp-json\/wp\/v2\/pages"}],"about":[{"href":"https:\/\/arrozmilenio.com\/sitio\/wp-json\/wp\/v2\/types\/page"}],"author":[{"embeddable":true,"href":"https:\/\/arrozmilenio.com\/sitio\/wp-json\/wp\/v2\/users\/1"}],"replies":[{"embeddable":true,"href":"https:\/\/arrozmilenio.com\/sitio\/wp-json\/wp\/v2\/comments?post=450"}],"version-history":[{"count":33,"href":"https:\/\/arrozmilenio.com\/sitio\/wp-json\/wp\/v2\/pages\/450\/revisions"}],"predecessor-version":[{"id":718,"href":"https:\/\/arrozmilenio.com\/sitio\/wp-json\/wp\/v2\/pages\/450\/revisions\/718"}],"wp:attachment":[{"href":"https:\/\/arrozmilenio.com\/sitio\/wp-json\/wp\/v2\/media?parent=450"}],"curies":[{"name":"wp","href":"https:\/\/api.w.org\/{rel}","templated":true}]}}